{"id":320,"date":"2016-01-12T22:41:12","date_gmt":"2016-01-12T22:41:12","guid":{"rendered":"http:\/\/arnaudleduc.com\/boutique\/?post_type=product&#038;p=320"},"modified":"2017-12-21T02:24:04","modified_gmt":"2017-12-21T02:24:04","slug":"test_seance","status":"publish","type":"product","link":"https:\/\/www.arnaudleduc.com\/boutique\/produit\/test_seance\/","title":{"rendered":"test_s\u00e9ance"},"content":{"rendered":"","protected":false},"excerpt":{"rendered":"<p>S\u00e9ance &#8220;mini book&#8221; :<\/p>\n<p>&#8211; 15 photos sur cd choisies parmi toutes celles de la s\u00e9ance,<br \/>\n&#8211; 3 tirages 20x30cm,<br \/>\n&#8211; 1 maquillage,<br \/>\n&#8211; 3 tenues diff\u00e9rentes,<br \/>\n&#8211; post production de niveau 1. Toutes les photos sont livr\u00e9es retouch\u00e9es, une \u00e0 une, sans recours \u00e0 des logiciels de traitement automatis\u00e9s.<\/p>\n <a class=\"more-link\" href=\"https:\/\/www.arnaudleduc.com\/boutique\/produit\/test_seance\/\"><span class=\"more-msg\">Lire la suite &rarr;<\/span><\/a>","protected":false},"featured_media":0,"template":"","meta":[],"product_brand":[],"product_cat":[73],"product_tag":[],"class_list":{"0":"post-320","1":"product","2":"type-product","3":"status-publish","5":"product_cat-non-classe","7":"first","8":"outofstock","9":"shipping-taxable","10":"purchasable","11":"product-type-simple"},"supplier_id":null,"supplier_sku":"","barcode":null,"atum_controlled":true,"out_stock_date":null,"out_stock_threshold":null,"inheritable":false,"inbound_stock":null,"stock_on_hold":0,"sold_today":0,"sales_last_days":0,"reserved_stock":null,"customer_returns":null,"warehouse_damage":null,"lost_in_post":null,"other_logs":null,"out_stock_days":0,"lost_sales":0,"has_location":null,"update_date":"2026-05-02T01:19:33","atum_locations":[],"atum_stock_status":"outofstock","restock_status":false,"low_stock_amount":"","sales_update_date":"2026-05-02T01:19:33","calc_backorders":null,"_links":{"self":[{"href":"https:\/\/www.arnaudleduc.com\/boutique\/wp-json\/wp\/v2\/product\/320","targetHints":{"allow":["GET"]}}],"collection":[{"href":"https:\/\/www.arnaudleduc.com\/boutique\/wp-json\/wp\/v2\/product"}],"about":[{"href":"https:\/\/www.arnaudleduc.com\/boutique\/wp-json\/wp\/v2\/types\/product"}],"wp:attachment":[{"href":"https:\/\/www.arnaudleduc.com\/boutique\/wp-json\/wp\/v2\/media?parent=320"}],"wp:term":[{"taxonomy":"product_brand","embeddable":true,"href":"https:\/\/www.arnaudleduc.com\/boutique\/wp-json\/wp\/v2\/product_brand?post=320"},{"taxonomy":"product_cat","embeddable":true,"href":"https:\/\/www.arnaudleduc.com\/boutique\/wp-json\/wp\/v2\/product_cat?post=320"},{"taxonomy":"product_tag","embeddable":true,"href":"https:\/\/www.arnaudleduc.com\/boutique\/wp-json\/wp\/v2\/product_tag?post=320"}],"curies":[{"name":"wp","href":"https:\/\/api.w.org\/{rel}","templated":true}]}}